{"id":7388,"date":"2024-06-14T13:13:18","date_gmt":"2024-06-14T16:13:18","guid":{"rendered":"https:\/\/marceloborsari.adv.br\/?page_id=7388"},"modified":"2024-06-14T13:13:19","modified_gmt":"2024-06-14T16:13:19","slug":"cancelamento-de-planos-de-saude","status":"publish","type":"page","link":"https:\/\/marceloborsari.adv.br\/?page_id=7388","title":{"rendered":"Cancelamento de Planos de sa\u00fade"},"content":{"rendered":"\n<p>Antes de tudo, \u00e9 essencial compreender que planos de sa\u00fade individuais e familiares n\u00e3o podem ser cancelados, exceto em casos de fraude ou inadimpl\u00eancia.<\/p>\n\n\n\n<p><strong>Cancelamento por fraude ou inadimpl\u00eancia<\/strong><\/p>\n\n\n\n<p>O contrato do benefici\u00e1rio pode ser rescindido por fraude ou por falta de pagamento das mensalidades por mais de 60 dias. Esses 60 dias de atraso n\u00e3o precisam ser consecutivos, podendo ser acumulados ao longo de um ano.<\/p>\n\n\n\n<p><strong>Planos coletivos, empresariais ou por ades\u00e3o<\/strong><\/p>\n\n\n\n<p>Por outro lado, planos coletivos, sejam empresariais ou por ades\u00e3o, podem ser cancelados ap\u00f3s 12 meses de contrato, sem necessidade de justificativa. No entanto, \u00e9 imprescind\u00edvel uma notifica\u00e7\u00e3o pr\u00e9via para validar o cancelamento.<\/p>\n\n\n\n<p><strong>Notifica\u00e7\u00e3o pr\u00e9via de cancelamento<\/strong><\/p>\n\n\n\n<p>Para que a notifica\u00e7\u00e3o seja v\u00e1lida, deve atender a determinadas formalidades. Contudo, mesmo nos planos coletivos, se o benefici\u00e1rio estiver em tratamento m\u00e9dico, o cancelamento n\u00e3o pode ocorrer.<\/p>\n\n\n\n<p><strong>Cancelamento do plano de sa\u00fade durante tratamento m\u00e9dico<\/strong><\/p>\n\n\n\n<p>Em resumo, se o benefici\u00e1rio est\u00e1 em tratamento de sa\u00fade, a operadora n\u00e3o pode cancelar o contrato. \u00c9 garantido o direito \u00e0 manuten\u00e7\u00e3o do plano at\u00e9 a alta m\u00e9dica, tornando qualquer cancelamento nesse per\u00edodo abusivo e ilegal.<\/p>\n\n\n\n<p><strong>Plano de sa\u00fade cancelado pode ser reativado<\/strong><\/p>\n\n\n\n<p>Primeiramente, verifique com a operadora o motivo do cancelamento e se h\u00e1 possibilidade de reativa\u00e7\u00e3o administrativa. Se isso n\u00e3o for poss\u00edvel, procure um advogado especializado em a\u00e7\u00f5es contra planos de sa\u00fade. Por meio de uma a\u00e7\u00e3o judicial com pedido liminar, \u00e9 poss\u00edvel reativar o plano em poucos dias.<\/p>\n\n\n\n<p><strong>O que \u00e9 liminar?<\/strong><\/p>\n\n\n\n<p>Liminar \u00e9 uma decis\u00e3o provis\u00f3ria emitida no in\u00edcio do processo. \u00c9 uma medida de urg\u00eancia, onde o juiz decide rapidamente devido \u00e0 necessidade imediata do paciente, geralmente em 24 a 48 horas.<\/p>\n\n\n\n<p><strong>Quanto tempo demora para reativar o plano na justi\u00e7a?<\/strong><\/p>\n\n\n\n<p>Em casos de sa\u00fade, a agilidade \u00e9 crucial. Assim que o juiz determina a reativa\u00e7\u00e3o do plano, o benefici\u00e1rio pode utiliz\u00e1-lo em poucos dias. Para garantir um processo eficiente, procure um advogado especializado em direito \u00e0 sa\u00fade, familiarizado com casos contra planos de sa\u00fade.<\/p>\n\n\n\n<p><strong>Fique atento!<\/strong><\/p>\n\n\n\n<p>Se o seu plano de sa\u00fade foi cancelado indevidamente, saiba que \u00e9 poss\u00edvel reativar o contrato judicialmente.<\/p>\n","protected":false},"excerpt":{"rendered":"<p>Antes de tudo, \u00e9 essencial compreender que planos de sa\u00fade individuais e familiares n\u00e3o podem ser cancelados, exceto em casos de fraude ou inadimpl\u00eancia. Cancelamento por fraude ou inadimpl\u00eancia O contrato do benefici\u00e1rio pode ser rescindido por fraude ou por falta de pagamento das mensalidades por mais de 60 dias. Esses 60 dias de atraso [&hellip;]<\/p>\n","protected":false},"author":1,"featured_media":0,"parent":0,"menu_order":0,"comment_status":"closed","ping_status":"closed","template":"","meta":{"footnotes":""},"class_list":["post-7388","page","type-page","status-publish","hentry"],"_links":{"self":[{"href":"https:\/\/marceloborsari.adv.br\/index.php?rest_route=\/wp\/v2\/pages\/7388","targetHints":{"allow":["GET"]}}],"collection":[{"href":"https:\/\/marceloborsari.adv.br\/index.php?rest_route=\/wp\/v2\/pages"}],"about":[{"href":"https:\/\/marceloborsari.adv.br\/index.php?rest_route=\/wp\/v2\/types\/page"}],"author":[{"embeddable":true,"href":"https:\/\/marceloborsari.adv.br\/index.php?rest_route=\/wp\/v2\/users\/1"}],"replies":[{"embeddable":true,"href":"https:\/\/marceloborsari.adv.br\/index.php?rest_route=%2Fwp%2Fv2%2Fcomments&post=7388"}],"version-history":[{"count":2,"href":"https:\/\/marceloborsari.adv.br\/index.php?rest_route=\/wp\/v2\/pages\/7388\/revisions"}],"predecessor-version":[{"id":7390,"href":"https:\/\/marceloborsari.adv.br\/index.php?rest_route=\/wp\/v2\/pages\/7388\/revisions\/7390"}],"wp:attachment":[{"href":"https:\/\/marceloborsari.adv.br\/index.php?rest_route=%2Fwp%2Fv2%2Fmedia&parent=7388"}],"curies":[{"name":"wp","href":"https:\/\/api.w.org\/{rel}","templated":true}]}}